{"id":99226,"date":"2015-10-27T19:10:51","date_gmt":"2015-10-27T19:10:51","guid":{"rendered":"http:\/\/www.isabelarboleya.com\/?page_id=99226"},"modified":"2025-10-07T09:36:22","modified_gmt":"2025-10-07T09:36:22","slug":"conoce-a-isabel-arboleya","status":"publish","type":"page","link":"https:\/\/www.isabelarboleya.com\/index.php\/conoce-a-isabel-arboleya\/","title":{"rendered":"Conoce a Isabel Arboleya"},"content":{"rendered":"<div class=\"wpb-content-wrapper\">[vc_row][vc_column][vc_separator color=\u00bbwhite\u00bb][vc_single_image image=\u00bb99194&#8243; img_size=\u00bbfull\u00bb alignment=\u00bbright\u00bb css=\u00bb.vc_custom_1445975377173{padding-top: 20px !important;}\u00bb][vc_separator color=\u00bbblack\u00bb][\/vc_column][\/vc_row][vc_row css=\u00bb.vc_custom_1446033032573{margin-bottom: 0px !important;border-bottom-width: 0px !important;padding-bottom: 0px !important;}\u00bb][vc_column css=\u00bb.vc_custom_1446032707931{margin-bottom: 0px !important;border-bottom-width: 0px !important;padding-bottom: 0px !important;}\u00bb][vc_column_text css=\u00bb.vc_custom_1758710602618{margin-top: 0px !important;border-top-width: 0px !important;padding-top: 0px !important;}\u00bb]\n<p class=\"p1\"><span class=\"s1\">Isabel es Licenciada en Psicolog\u00eda, especialidad en Psicolog\u00eda Cl\u00ednica de la Salud. Psic\u00f3loga General Sanitaria homologada por el Colegio de Psic\u00f3logos de Andaluc\u00eda Oriental. Este es su n\u00famero de colegiada AO- 03121. Y su consulta, situada en el centro de M\u00e1laga, est\u00e1 acreditada, autorizada e inscrita en el <\/span><span class=\"s2\"><b>Registro Andaluz de Centros<\/b><\/span><span class=\"s3\">, <\/span><span class=\"s2\"><b>Servicios y Establecimientos Sanitarios (SICESS)<\/b><\/span><span class=\"s1\"> de la Junta de Andaluc\u00eda con NICA n\u00ba 67.533<\/span><\/p>\n[\/vc_column_text][vc_row_inner][vc_column_inner width=\u00bb1\/2&#8243;][vc_column_text]Con formaci\u00f3n avanzada acreditada en <a href=\"https:\/\/www.isabelarboleya.com\/index.php\/terapia-emdr\/\">psicoterapia EMDR<\/a>, es miembro de la Asociaci\u00f3n espa\u00f1ola de EMDR as\u00ed como de EMDR Europa. Igualmente tiene formacion acreditada en sexolog\u00eda por la universidad de Alcal\u00e1 y es socia fundadora de la Sociedad Espa\u00f1ola de intervenci\u00f3n en sexolog\u00eda (<a href=\"http:\/\/www.seisex.com\">www.seisex.com<\/a>).<\/p>\n<p>Puedes consultar su <em>LinkedIn<\/em> aqu\u00ed: <a href=\"https:\/\/es.linkedin.com\/in\/isabel-garc%C3%ADa-de-arboleya-del-castillo-391692ba\">Isabel Arboleya.<\/a>[\/vc_column_text][\/vc_column_inner][vc_column_inner width=\u00bb1\/2&#8243;][vc_single_image image=\u00bb99464&#8243; img_size=\u00bbfull\u00bb][\/vc_column_inner][\/vc_row_inner][vc_column_text]<blockquote class=\"pixcode  pixcode--testimonial  testimonial testimonial--medium-text\">\n\t<div class=\"testimonial__content\">\u00abSu consulta, situada en el centro de M\u00e1laga, est\u00e1 acreditada, autorizada e inscrita en el Registro Andaluz de Centros, Servicios y Establecimientos Sanitarios (SICESS) de la Junta de Andaluc\u00eda con NICA n\u00ba 67.533\u00bb<\/div>\n\n\t<\/blockquote>\n[\/vc_column_text][vc_gallery interval=\u00bb3&#8243; images=\u00bb99493,99491,99486,99489,99490,99492&#8243;][\/vc_column][\/vc_row]\n<\/div>","protected":false},"excerpt":{"rendered":"<p>[vc_row][vc_column][vc_separator color=\u00bbwhite\u00bb][vc_single_image image=\u00bb99194&#8243; img_size=\u00bbfull\u00bb alignment=\u00bbright\u00bb css=\u00bb.vc_custom_1445975377173{padding-top: 20px !important;}\u00bb][vc_separator color=\u00bbblack\u00bb][\/vc_column][\/vc_row][vc_row css=\u00bb.vc_custom_1446033032573{margin-bottom: 0px !important;border-bottom-width: 0px !important;padding-bottom: 0px !important;}\u00bb][vc_column css=\u00bb.vc_custom_1446032707931{margin-bottom: 0px !important;border-bottom-width: 0px !important;padding-bottom: 0px !important;}\u00bb][vc_column_text css=\u00bb.vc_custom_1758710602618{margin-top: 0px !important;border-top-width: 0px !important;padding-top: 0px !important;}\u00bb] Isabel es Licenciada en Psicolog\u00eda, especialidad en Psicolog\u00eda Cl\u00ednica de la Salud. Psic\u00f3loga General Sanitaria homologada por el Colegio de Psic\u00f3logos de Andaluc\u00eda Oriental. Este es su n\u00famero de colegiada AO- 03121. Y su consulta, situada en el centro de M\u00e1laga, est\u00e1 acreditada, autorizada e inscrita en el Registro Andaluz de Centros, Servicios y Establecimientos Sanitarios (SICESS) de la Junta de Andaluc\u00eda con NICA n\u00ba 67.533 [\/vc_column_text][vc_row_inner][vc_column_inner width=\u00bb1\/2&#8243;][vc_column_text]Con formaci\u00f3n avanzada acreditada en psicoterapia EMDR, es miembro de la Asociaci\u00f3n espa\u00f1ola de EMDR as\u00ed como de EMDR Europa. Igualmente tiene formacion acreditada en sexolog\u00eda por la universidad de Alcal\u00e1 y es socia fundadora de la Sociedad Espa\u00f1ola de intervenci\u00f3n en sexolog\u00eda (www.seisex.com). Puedes consultar su LinkedIn aqu\u00ed: Isabel Arboleya.[\/vc_column_text][\/vc_column_inner][vc_column_inner width=\u00bb1\/2&#8243;][vc_single_image image=\u00bb99464&#8243;..<\/p>\n","protected":false},"author":1,"featured_media":99317,"parent":0,"menu_order":4,"comment_status":"closed","ping_status":"closed","template":"page-split-layout.php","meta":[],"_links":{"self":[{"href":"https:\/\/www.isabelarboleya.com\/index.php\/wp-json\/wp\/v2\/pages\/99226"}],"collection":[{"href":"https:\/\/www.isabelarboleya.com\/index.php\/wp-json\/wp\/v2\/pages"}],"about":[{"href":"https:\/\/www.isabelarboleya.com\/index.php\/wp-json\/wp\/v2\/types\/page"}],"author":[{"embeddable":true,"href":"https:\/\/www.isabelarboleya.com\/index.php\/wp-json\/wp\/v2\/users\/1"}],"replies":[{"embeddable":true,"href":"https:\/\/www.isabelarboleya.com\/index.php\/wp-json\/wp\/v2\/comments?post=99226"}],"version-history":[{"count":38,"href":"https:\/\/www.isabelarboleya.com\/index.php\/wp-json\/wp\/v2\/pages\/99226\/revisions"}],"predecessor-version":[{"id":99480,"href":"https:\/\/www.isabelarboleya.com\/index.php\/wp-json\/wp\/v2\/pages\/99226\/revisions\/99480"}],"wp:featuredmedia":[{"embeddable":true,"href":"https:\/\/www.isabelarboleya.com\/index.php\/wp-json\/wp\/v2\/media\/99317"}],"wp:attachment":[{"href":"https:\/\/www.isabelarboleya.com\/index.php\/wp-json\/wp\/v2\/media?parent=99226"}],"curies":[{"name":"wp","href":"https:\/\/api.w.org\/{rel}","templated":true}]}}